{"id":850,"date":"2025-01-10T16:31:55","date_gmt":"2025-01-10T15:31:55","guid":{"rendered":"https:\/\/staging.hunderttausendmuetter.de\/?page_id=850"},"modified":"2025-01-10T16:32:41","modified_gmt":"2025-01-10T15:32:41","slug":"netiquette","status":"publish","type":"page","link":"https:\/\/hunderttausendmuetter.de\/en\/netiquette\/","title":{"rendered":"Netiquette"},"content":{"rendered":"<p><strong>Principles of the \"100,000 Mothers\" campaign<\/strong><\/p>\n\n\n\n<p>Our \"100,000 Mothers\" campaign stands for equality, solidarity and a better future for mothers, families and caregivers. We want to drive social change that stands for diversity, justice and peaceful coexistence. Our principles show what we stand for and how we are shaping this path together.<\/p>\n\n\n\n<h2 class=\"wp-block-heading\">1. non-violence<\/h2>\n\n\n\n<p>We act peacefully and stand up for the dignity and rights of all people. Violence - whether physical or psychological - has no place in our campaign.<\/p>\n\n\n\n<h2 class=\"wp-block-heading\">2. inclusion and diversity<\/h2>\n\n\n\n<p>Our movement is open to everyone, regardless of origin, gender, religion, sexual orientation, age or physical and mental abilities. We firmly reject discrimination of any kind. Diversity is an enrichment.<\/p>\n\n\n\n<h2 class=\"wp-block-heading\">3. transparency<\/h2>\n\n\n\n<p>We communicate our goals, decisions and actions clearly and openly. Everyone involved is committed to the values of the campaign and acts accordingly.<\/p>\n\n\n\n<h2 class=\"wp-block-heading\">4. participation and empowerment<\/h2>\n\n\n\n<p>We encourage people to get actively involved and give mothers and carers in particular a voice. Their perspectives and needs are at the heart of our work.<\/p>\n\n\n\n<h2 class=\"wp-block-heading\">5 Democratic structures<\/h2>\n\n\n\n<p>We make our decisions democratically and in a participatory manner. Hierarchy-free, respectful communication is of central importance to us.<\/p>\n\n\n\n<h2 class=\"wp-block-heading\">6 Sustainability and responsibility<\/h2>\n\n\n\n<p>We are committed to the careful use of natural resources and a future worth living. Our actions are geared towards ecological, social and economic responsibility.<\/p>\n\n\n\n<h2 class=\"wp-block-heading\">7. orientation towards the common good<\/h2>\n\n\n\n<p>Our goals serve the good of society as a whole and strive for better living conditions for all mothers, families and caregivers. Individual interests or economic profits must not contradict these goals.<\/p>\n\n\n\n<h2 class=\"wp-block-heading\">8. differentiation from hate and violence<\/h2>\n\n\n\n<p>We clearly distance ourselves from all groups that promote violence, hatred or discrimination. We exclude cooperation with such actors.<\/p>\n\n\n\n<h2 class=\"wp-block-heading\">9. self-criticism and further development<\/h2>\n\n\n\n<p>We are open to constructive criticism and feedback. We see mistakes as a learning opportunity to continuously develop and pursue our goals more effectively.<\/p>\n\n\n\n<h2 class=\"wp-block-heading\">Join in!<\/h2>\n\n\n\n<p>Our campaign is a place of solidarity, diversity and respect. If you share these values, we invite you to become part of our movement. Together, we are shaping a fairer society and working for a better future - for mothers, families and all caregivers.<\/p>\n\n\n\n<p><a href=\"https:\/\/hunderttausendmuetter.de\/en\/registration-supporters\/\" data-type=\"page\" data-id=\"554\">Are you there?<\/a><\/p>","protected":false},"excerpt":{"rendered":"<p>Grunds\u00e4tze der Kampagne \u201e100.000 M\u00fctter\u201c Unsere Kampagne \u201e100.000 M\u00fctter\u201c steht f\u00fcr Gleichberechtigung, Solidarit\u00e4t und eine bessere Zukunft f\u00fcr M\u00fctter, Familien und Sorgeleistende. Wir m\u00f6chten einen gesellschaftlichen Wandel vorantreiben, der f\u00fcr Vielfalt, Gerechtigkeit und ein friedliches Miteinander einsteht. Unsere Grunds\u00e4tze zeigen, wof\u00fcr wir stehen und wie wir gemeinsam diesen Weg gestalten. 1. Gewaltfreiheit Wir handeln friedlich [&hellip;]<\/p>\n","protected":false},"author":1,"featured_media":0,"parent":0,"menu_order":0,"comment_status":"closed","ping_status":"closed","template":"","meta":{"_acf_changed":false,"footnotes":""},"page-cat":[14],"class_list":["post-850","page","type-page","status-publish","hentry","page-cat-template"],"acf":[],"publishpress_future_action":{"enabled":false,"date":"2026-04-26 11:02:58","action":"change-status","newStatus":"draft","terms":[],"taxonomy":"page-cat","extraData":[]},"publishpress_future_workflow_manual_trigger":{"enabledWorkflows":[]},"_links":{"self":[{"href":"https:\/\/hunderttausendmuetter.de\/en\/wp-json\/wp\/v2\/pages\/850","targetHints":{"allow":["GET"]}}],"collection":[{"href":"https:\/\/hunderttausendmuetter.de\/en\/wp-json\/wp\/v2\/pages"}],"about":[{"href":"https:\/\/hunderttausendmuetter.de\/en\/wp-json\/wp\/v2\/types\/page"}],"author":[{"embeddable":true,"href":"https:\/\/hunderttausendmuetter.de\/en\/wp-json\/wp\/v2\/users\/1"}],"replies":[{"embeddable":true,"href":"https:\/\/hunderttausendmuetter.de\/en\/wp-json\/wp\/v2\/comments?post=850"}],"version-history":[{"count":3,"href":"https:\/\/hunderttausendmuetter.de\/en\/wp-json\/wp\/v2\/pages\/850\/revisions"}],"predecessor-version":[{"id":854,"href":"https:\/\/hunderttausendmuetter.de\/en\/wp-json\/wp\/v2\/pages\/850\/revisions\/854"}],"wp:attachment":[{"href":"https:\/\/hunderttausendmuetter.de\/en\/wp-json\/wp\/v2\/media?parent=850"}],"wp:term":[{"taxonomy":"page-cat","embeddable":true,"href":"https:\/\/hunderttausendmuetter.de\/en\/wp-json\/wp\/v2\/page-cat?post=850"}],"curies":[{"name":"wp","href":"https:\/\/api.w.org\/{rel}","templated":true}]}}