{"id":558,"date":"2024-12-28T09:18:07","date_gmt":"2024-12-28T08:18:07","guid":{"rendered":"https:\/\/staging.hunderttausendmuetter.de\/?page_id=558"},"modified":"2024-12-28T10:01:30","modified_gmt":"2024-12-28T09:01:30","slug":"registration-supporter-thank-you","status":"publish","type":"page","link":"https:\/\/hunderttausendmuetter.de\/en\/anmeldung-unterstuetzerinnen\/anmeldung-unterstuetzerin-danke\/","title":{"rendered":"Thank you for your support in our project!"},"content":{"rendered":"<p>Thank you very much for your support.<\/p>\n\n\n\n<h2 class=\"wp-block-heading\">What happens now?<\/h2>\n\n\n\n<p>Your profile has been saved in a database. An editor will quickly check your details and profile picture and then approve them. If anything is missing or we need to clarify any questions, we will contact you.<\/p>\n\n\n\n<p>After approval, you will then appear on the page <a href=\"\/en\/supporter\/\">Supporters<\/a>.<\/p>\n\n\n\n<p><a href=\"\/en\/\">Click here to go to the homepage<\/a><\/p>","protected":false},"excerpt":{"rendered":"<p>Vielen Dank f\u00fcr Deine Unterst\u00fctzung. Wie geht es jetzt weiter? Dein Profil wurde in einer Datenbank gespeichert. Eine Redakteurin \/ ein Redakteur wird Deine Angaben und Dein Profilbild kurzfristig \u00fcberpr\u00fcfen und anschlie\u00dfend frei geben. Falls etwas fehlt oder wir Fragen kl\u00e4ren m\u00fcssen, nehmen wir Kontakt zu Dir auf. Nach der Freigabe erscheinst Du dann auf [&hellip;]<\/p>\n","protected":false},"author":1,"featured_media":0,"parent":554,"menu_order":0,"comment_status":"closed","ping_status":"closed","template":"","meta":{"_acf_changed":false,"footnotes":""},"page-cat":[14],"class_list":["post-558","page","type-page","status-publish","hentry","page-cat-template"],"acf":[],"publishpress_future_action":{"enabled":false,"date":"2026-04-21 22:59:02","action":"change-status","newStatus":"draft","terms":[],"taxonomy":"page-cat","extraData":[]},"publishpress_future_workflow_manual_trigger":{"enabledWorkflows":[]},"_links":{"self":[{"href":"https:\/\/hunderttausendmuetter.de\/en\/wp-json\/wp\/v2\/pages\/558","targetHints":{"allow":["GET"]}}],"collection":[{"href":"https:\/\/hunderttausendmuetter.de\/en\/wp-json\/wp\/v2\/pages"}],"about":[{"href":"https:\/\/hunderttausendmuetter.de\/en\/wp-json\/wp\/v2\/types\/page"}],"author":[{"embeddable":true,"href":"https:\/\/hunderttausendmuetter.de\/en\/wp-json\/wp\/v2\/users\/1"}],"replies":[{"embeddable":true,"href":"https:\/\/hunderttausendmuetter.de\/en\/wp-json\/wp\/v2\/comments?post=558"}],"version-history":[{"count":5,"href":"https:\/\/hunderttausendmuetter.de\/en\/wp-json\/wp\/v2\/pages\/558\/revisions"}],"predecessor-version":[{"id":586,"href":"https:\/\/hunderttausendmuetter.de\/en\/wp-json\/wp\/v2\/pages\/558\/revisions\/586"}],"up":[{"embeddable":true,"href":"https:\/\/hunderttausendmuetter.de\/en\/wp-json\/wp\/v2\/pages\/554"}],"wp:attachment":[{"href":"https:\/\/hunderttausendmuetter.de\/en\/wp-json\/wp\/v2\/media?parent=558"}],"wp:term":[{"taxonomy":"page-cat","embeddable":true,"href":"https:\/\/hunderttausendmuetter.de\/en\/wp-json\/wp\/v2\/page-cat?post=558"}],"curies":[{"name":"wp","href":"https:\/\/api.w.org\/{rel}","templated":true}]}}