{"id":2411,"date":"2025-06-12T13:38:19","date_gmt":"2025-06-12T11:38:19","guid":{"rendered":"https:\/\/hunderttausendmuetter.de\/?page_id=2411"},"modified":"2025-08-07T17:50:34","modified_gmt":"2025-08-07T15:50:34","slug":"impressions-from-the-demo-on-may-10-2025","status":"publish","type":"page","link":"https:\/\/hunderttausendmuetter.de\/en\/impressionen-von-der-demo-am-10-mai-2025\/","title":{"rendered":"Impressions from the demo on May 10, 2025"},"content":{"rendered":"<p>\"What a day. What a power.<\/p>\n\n\n\n<p>On May 10, 2025, mothers, fathers, children, grandparents, friends and supporters gathered in Montbijoupark in Berlin - colorful, diverse, loud and full of conviction. Together we marched to Platz der Republik. For visibility. For recognition. For equal rights.<\/p>\n\n\n\n<p>The spirit among the people was simply special: full of warmth, determination and hope. The signs were creative, the cheers loud, the atmosphere electrifying. So many strong women raised their voices on stage - for care, for diversity, for political change. It was touching. Powerful. Unforgettable.<\/p>\n\n\n\n<p>Thank you to everyone who made this demonstration possible - through organization, presence, courage, words, music, posters, donations and support.<\/p>\n\n\n\n<p>One thing is clear: it will continue. But we need you. For everything that comes: your support. Your ideas. Your donations.\"<\/p>\n\n\n\n<p>Here you can find impressions of the day, captured by Mel Rangel:<\/p>","protected":false},"excerpt":{"rendered":"<p>&#8220;Was f\u00fcr ein Tag. Was f\u00fcr eine Kraft. Am 10. Mai 2025 haben sich M\u00fctter, V\u00e4ter, Kinder, Gro\u00dfeltern, Freundinnen und Unterst\u00fctzerinnen im Montbijoupark in Berlin versammelt &#8211; bunt, vielf\u00e4ltig, laut und voller \u00dcberzeugung. Gemeinsam sind wir zum Platz der Republik gezogen. F\u00fcr Sichtbarkeit. F\u00fcr Anerkennung. F\u00fcr Gleichberechtigung. Der Spirit unter den Menschen war einfach besonders: [&hellip;]<\/p>\n","protected":false},"author":1,"featured_media":0,"parent":0,"menu_order":0,"comment_status":"closed","ping_status":"closed","template":"","meta":{"_acf_changed":false,"footnotes":""},"page-cat":[31],"class_list":["post-2411","page","type-page","status-publish","hentry","page-cat-galery"],"acf":[],"publishpress_future_action":{"enabled":false,"date":"2026-05-07 08:08:15","action":"change-status","newStatus":"draft","terms":[],"taxonomy":"page-cat","extraData":[]},"publishpress_future_workflow_manual_trigger":{"enabledWorkflows":[]},"_links":{"self":[{"href":"https:\/\/hunderttausendmuetter.de\/en\/wp-json\/wp\/v2\/pages\/2411","targetHints":{"allow":["GET"]}}],"collection":[{"href":"https:\/\/hunderttausendmuetter.de\/en\/wp-json\/wp\/v2\/pages"}],"about":[{"href":"https:\/\/hunderttausendmuetter.de\/en\/wp-json\/wp\/v2\/types\/page"}],"author":[{"embeddable":true,"href":"https:\/\/hunderttausendmuetter.de\/en\/wp-json\/wp\/v2\/users\/1"}],"replies":[{"embeddable":true,"href":"https:\/\/hunderttausendmuetter.de\/en\/wp-json\/wp\/v2\/comments?post=2411"}],"version-history":[{"count":10,"href":"https:\/\/hunderttausendmuetter.de\/en\/wp-json\/wp\/v2\/pages\/2411\/revisions"}],"predecessor-version":[{"id":2576,"href":"https:\/\/hunderttausendmuetter.de\/en\/wp-json\/wp\/v2\/pages\/2411\/revisions\/2576"}],"wp:attachment":[{"href":"https:\/\/hunderttausendmuetter.de\/en\/wp-json\/wp\/v2\/media?parent=2411"}],"wp:term":[{"taxonomy":"page-cat","embeddable":true,"href":"https:\/\/hunderttausendmuetter.de\/en\/wp-json\/wp\/v2\/page-cat?post=2411"}],"curies":[{"name":"wp","href":"https:\/\/api.w.org\/{rel}","templated":true}]}}