{"id":10,"date":"2024-11-06T18:55:04","date_gmt":"2024-11-06T17:55:04","guid":{"rendered":"https:\/\/magepa.test\/?page_id=10"},"modified":"2025-01-16T12:07:05","modified_gmt":"2025-01-16T11:07:05","slug":"imprint","status":"publish","type":"page","link":"https:\/\/hunderttausendmuetter.de\/en\/impressum\/","title":{"rendered":"Imprint"},"content":{"rendered":"<p>100,000 Mothers campaign in front of the Brandenburg Gate<\/p>\r\n\r\n\r\n\r\n<p>Responsible for the content<\/p>\r\n\r\n\r\n\r\n<p>Evangelischer Fachverband f\u00fcr Frauengesundheit e.V. (EVA)<br \/>Auguststrasse 80<br \/>10117 Berlin<br \/>Phone ++49 (030) 844 18641<br \/>Fax ++49 (030) 844 18654<\/p>\r\n\r\n\r\n\r\n<p>E-Mail:\u00a0<a href=\"mailto:info@eva-frauengesundheit.de\" target=\"_blank\" rel=\"noreferrer noopener\">info@eva-frauengesundheit.de<\/a><\/p>\r\n\r\n\r\n\r\n<p>Managing Director: Irene Pabst<br \/>Chair: Katrin Schmidt<br \/>Deputy Chairwoman: Dorothee Junkermann<\/p>\r\n\r\n\r\n\r\n<p>Registered in the register of associations at Darmstadt Local Court under VR 1603<\/p>\r\n<h2>Design<\/h2>\r\n<p>Campaign design: <a href=\"https:\/\/maedchenkollektiv.de\/\" target=\"_blank\" rel=\"noopener\" data-saferedirecturl=\"https:\/\/www.google.com\/url?q=https:\/\/maedchenkollektiv.de\/&amp;source=gmail&amp;ust=1737111400483000&amp;usg=AOvVaw01zr59OuOyVCSWWJfcZ-4K\">https:\/\/maedchenkollektiv.de\/<\/a>\u00a0and\u00a0<a href=\"https:\/\/www.instagram.com\/maedchenkollektiv\/\" target=\"_blank\" rel=\"noopener\" data-saferedirecturl=\"https:\/\/www.google.com\/url?q=https:\/\/www.instagram.com\/maedchenkollektiv\/&amp;source=gmail&amp;ust=1737111400483000&amp;usg=AOvVaw2NP1TKZwRqWalpbOfflA-i\">https:\/\/www.instagram.com\/<wbr \/>maedchenkollektiv\/<\/a><\/p>\r\n<h2>Implementation<\/h2>\r\n<p><a href=\"https:\/\/mainetcare.de\" target=\"_blank\" rel=\"noopener\">Website programming, hosting &amp; maintenance by MaiNetCare - the website gardeners<\/a> \ud83d\udc69\u200d\ud83c\udf3e<\/p>","protected":false},"excerpt":{"rendered":"<p>Aktion 100.000 M\u00fctter vor dem Brandenburger Tor Verantwortlich f\u00fcr den Inhalt Evangelischer Fachverband f\u00fcr Frauengesundheit e.V. (EVA)Auguststra\u00dfe 8010117 BerlinTelefon ++49 (030) 844 18641Telefax ++49 (030) 844 18654 E-Mail:\u00a0info@eva-frauengesundheit.de Gesch\u00e4ftsf\u00fchrerin: Irene PabstVorsitz: Katrin Schmidtstellvertretende Vorsitzende: Dorothee Junkermann Eingetragen im Vereinsregister beim Amtsgericht Darmstadt unter VR 1603 Design Kampagnendesign: https:\/\/maedchenkollektiv.de\/\u00a0und\u00a0https:\/\/www.instagram.com\/maedchenkollektiv\/ Umsetzung Website-Programmierung, Hosting &amp; Wartung von MaiNetCare [&hellip;]<\/p>\n","protected":false},"author":1,"featured_media":0,"parent":0,"menu_order":11,"comment_status":"closed","ping_status":"closed","template":"","meta":{"_acf_changed":false,"footnotes":""},"page-cat":[14],"class_list":["post-10","page","type-page","status-publish","hentry","page-cat-template"],"acf":[],"publishpress_future_action":{"enabled":false,"date":"2026-05-07 02:27:40","action":"change-status","newStatus":"draft","terms":[],"taxonomy":"page-cat","extraData":[]},"publishpress_future_workflow_manual_trigger":{"enabledWorkflows":[]},"_links":{"self":[{"href":"https:\/\/hunderttausendmuetter.de\/en\/wp-json\/wp\/v2\/pages\/10","targetHints":{"allow":["GET"]}}],"collection":[{"href":"https:\/\/hunderttausendmuetter.de\/en\/wp-json\/wp\/v2\/pages"}],"about":[{"href":"https:\/\/hunderttausendmuetter.de\/en\/wp-json\/wp\/v2\/types\/page"}],"author":[{"embeddable":true,"href":"https:\/\/hunderttausendmuetter.de\/en\/wp-json\/wp\/v2\/users\/1"}],"replies":[{"embeddable":true,"href":"https:\/\/hunderttausendmuetter.de\/en\/wp-json\/wp\/v2\/comments?post=10"}],"version-history":[{"count":7,"href":"https:\/\/hunderttausendmuetter.de\/en\/wp-json\/wp\/v2\/pages\/10\/revisions"}],"predecessor-version":[{"id":1129,"href":"https:\/\/hunderttausendmuetter.de\/en\/wp-json\/wp\/v2\/pages\/10\/revisions\/1129"}],"wp:attachment":[{"href":"https:\/\/hunderttausendmuetter.de\/en\/wp-json\/wp\/v2\/media?parent=10"}],"wp:term":[{"taxonomy":"page-cat","embeddable":true,"href":"https:\/\/hunderttausendmuetter.de\/en\/wp-json\/wp\/v2\/page-cat?post=10"}],"curies":[{"name":"wp","href":"https:\/\/api.w.org\/{rel}","templated":true}]}}